{"id":2037,"date":"2026-03-04T00:09:27","date_gmt":"2026-03-04T00:09:27","guid":{"rendered":"https:\/\/vicsolutions.us\/?page_id=2037"},"modified":"2026-03-04T00:15:16","modified_gmt":"2026-03-04T00:15:16","slug":"politicas-de-privacidad-2","status":"publish","type":"page","link":"https:\/\/vicsolutions.us\/en\/politicas-de-privacidad-2\/","title":{"rendered":"PRIVACY POLICY"},"content":{"rendered":"<div data-elementor-type=\"wp-page\" data-elementor-id=\"2037\" class=\"elementor elementor-2037\" data-elementor-post-type=\"page\">\n\t\t\t\t<div class=\"elementor-element elementor-element-71d32e8 e-con-full e-flex e-con e-parent\" data-id=\"71d32e8\" data-element_type=\"container\" data-e-type=\"container\" data-settings=\"{&quot;background_background&quot;:&quot;video&quot;,&quot;background_video_link&quot;:&quot;https:\\\/\\\/themexriver.com\\\/wp\\\/aitechfy\\\/01.mp4&quot;,&quot;background_play_on_mobile&quot;:&quot;yes&quot;}\">\n\t\t<div class=\"elementor-background-video-container\">\n\t\t\t\t\t\t\t<video class=\"elementor-background-video-hosted\" role=\"presentation\" autoplay muted playsinline loop><\/video>\n\t\t\t\t\t<\/div>\t\t<div class=\"elementor-element elementor-element-c864f6a elementor-widget elementor-widget-feature-item\" data-id=\"c864f6a\" data-element_type=\"widget\" data-e-type=\"widget\" data-widget_type=\"feature-item.default\">\n\t\t\t\t<div class=\"elementor-widget-container\">\n\t\t\t\t\t<div id=\"at-certified\" class=\"at-certified-sec position-relative pt-120 pb-120\" >\n            <div class=\"at-certified-dot-area\">\n            <span><\/span>\n            <span><\/span>\n            <span><\/span>\n            <span><\/span>\n            <span><\/span>\n            <span><\/span>\n            <span><\/span>\n            <span><\/span>\n        <\/div>\n        <div class=\"container\">\n        <div class=\"at-sec-title3  pt-20 mb-20  headline-1 pera-content\">\n                        <h1 class=\"elementor-gt-heading sec_title ai-itm-title ai-itm-anim\">PRIVACY POLICY<\/h1>        <\/div>\n    <\/div>\n    <div class=\"at-certified-content mt-55 flex-wrap  d-flex\">\n            <\/div>\n<\/div>\t\t\t\t<\/div>\n\t\t\t\t<\/div>\n\t\t\t\t<\/div>\n\t\t<div class=\"elementor-element elementor-element-21241be e-flex e-con-boxed e-con e-parent\" data-id=\"21241be\" data-element_type=\"container\" data-e-type=\"container\" data-settings=\"{&quot;background_background&quot;:&quot;classic&quot;}\">\n\t\t\t\t\t<div class=\"e-con-inner\">\n\t\t\t\t<div class=\"elementor-element elementor-element-71cd4e3 elementor-widget elementor-widget-text-editor\" data-id=\"71cd4e3\" data-element_type=\"widget\" data-e-type=\"widget\" data-widget_type=\"text-editor.default\">\n\t\t\t\t\t\t\t\t\t<h2 style=\"text-align: center;\" data-start=\"811\" data-end=\"844\"><span style=\"color: #ffffff;\">1. DATA CONTROLLER<\/span><\/h2><p style=\"text-align: left;\" data-start=\"846\" data-end=\"1156\"><span style=\"color: #ffffff;\">VICS Solutions LLC, a limited liability company organized under the laws of the United States of America (in the process of incorporation at the time of publication), is responsible for the processing of personal data in accordance with Law No. 25,326 of the Argentine Republic and applicable international regulations.<\/span><\/p><p style=\"text-align: left;\" data-start=\"1158\" data-end=\"1188\"><span style=\"color: #ffffff;\">Hereinafter referred to as \u201cVICS Solutions\u201d.<\/span><\/p><hr data-start=\"1190\" data-end=\"1193\" \/><h2 style=\"text-align: center;\" data-start=\"1195\" data-end=\"1223\"><span style=\"color: #ffffff;\">2. DATA COLLECTED<\/span><\/h2><p style=\"text-align: left;\" data-start=\"1225\" data-end=\"1324\"><span style=\"color: #ffffff;\">Through the website and in the course of providing services, VICS Solutions LLC may collect:<\/span><\/p><h3 style=\"text-align: left;\" data-start=\"1326\" data-end=\"1353\"><span style=\"color: #ffffff;\">Identification data<\/span><\/h3><ul style=\"text-align: left;\" data-start=\"1354\" data-end=\"1420\"><li data-start=\"1354\" data-end=\"1375\"><p data-start=\"1356\" data-end=\"1375\"><span style=\"color: #ffffff;\">Name and last name<\/span><\/p><\/li><li data-start=\"1376\" data-end=\"1385\"><p data-start=\"1378\" data-end=\"1385\"><span style=\"color: #ffffff;\">Email<\/span><\/p><\/li><li data-start=\"1386\" data-end=\"1398\"><p data-start=\"1388\" data-end=\"1398\"><span style=\"color: #ffffff;\">Phone number<\/span><\/p><\/li><li data-start=\"1399\" data-end=\"1410\"><p data-start=\"1401\" data-end=\"1410\"><span style=\"color: #ffffff;\">Business name<\/span><\/p><\/li><li data-start=\"1411\" data-end=\"1420\"><p data-start=\"1413\" data-end=\"1420\"><span style=\"color: #ffffff;\">Job title<\/span><\/p><\/li><\/ul><h3 style=\"text-align: left;\" data-start=\"1422\" data-end=\"1446\"><span style=\"color: #ffffff;\">Billing information<\/span><\/h3><ul style=\"text-align: left;\" data-start=\"1447\" data-end=\"1523\"><li data-start=\"1447\" data-end=\"1469\"><p data-start=\"1449\" data-end=\"1469\"><span style=\"color: #ffffff;\">Tax information<\/span><\/p><\/li><li data-start=\"1470\" data-end=\"1493\"><p data-start=\"1472\" data-end=\"1493\"><span style=\"color: #ffffff;\">Direcci\u00f3n comercial<\/span><\/p><\/li><li data-start=\"1494\" data-end=\"1523\"><p data-start=\"1496\" data-end=\"1523\"><span style=\"color: #ffffff;\">Identificaci\u00f3n tributaria<\/span><\/p><\/li><\/ul><h3 style=\"text-align: left;\" data-start=\"1525\" data-end=\"1546\"><span style=\"color: #ffffff;\">Datos financieros<\/span><\/h3><p style=\"text-align: left;\" data-start=\"1547\" data-end=\"1665\"><span style=\"color: #ffffff;\">Payments are processed by third parties (e.g., Stripe, Inc.). VICS Solutions LLC does not store full credit card details.<\/span><\/p><h3 style=\"text-align: left;\" data-start=\"1667\" data-end=\"1701\"><span style=\"color: #ffffff;\">Technical and browsing data<\/span><\/h3><ul style=\"text-align: left;\" data-start=\"1702\" data-end=\"1837\"><li data-start=\"1702\" data-end=\"1718\"><p data-start=\"1704\" data-end=\"1718\"><span style=\"color: #ffffff;\">IP address<\/span><\/p><\/li><li data-start=\"1719\" data-end=\"1730\"><p data-start=\"1721\" data-end=\"1730\"><span style=\"color: #ffffff;\">Cookies<\/span><\/p><\/li><li data-start=\"1731\" data-end=\"1755\"><p data-start=\"1733\" data-end=\"1755\"><span style=\"color: #ffffff;\">Interaction data<\/span><\/p><\/li><li data-start=\"1756\" data-end=\"1791\"><p data-start=\"1758\" data-end=\"1791\"><span style=\"color: #ffffff;\">Device identifiers<\/span><\/p><\/li><li data-start=\"1792\" data-end=\"1837\"><p data-start=\"1794\" data-end=\"1837\"><span style=\"color: #ffffff;\">On-site behavioral information<\/span><\/p><\/li><\/ul><h3 style=\"text-align: left;\" data-start=\"1839\" data-end=\"1871\"><span style=\"color: #ffffff;\">Client operational data<\/span><\/h3><p style=\"text-align: left;\" data-start=\"1872\" data-end=\"2019\"><span style=\"color: #ffffff;\">Within the scope of the service, databases, lead records, SMS messages, emails, and commercial metrics may be hosted on contracted platforms.<\/span><\/p><p style=\"text-align: left;\" data-start=\"2021\" data-end=\"2097\"><span style=\"color: #ffffff;\">Sensitive, biometric, medical, or minors\u2019 data are not collected.<\/span><\/p><hr data-start=\"2099\" data-end=\"2102\" \/><h2 style=\"text-align: center;\" data-start=\"2104\" data-end=\"2135\"><span style=\"color: #ffffff;\">3. PURPOSE OF DATA PROCESSING<\/span><\/h2><p style=\"text-align: left;\" data-start=\"2137\" data-end=\"2180\"><span style=\"color: #ffffff;\">Personal data will be used for the following purposes:<\/span><\/p><ul style=\"text-align: left;\" data-start=\"2182\" data-end=\"2413\"><li data-start=\"2182\" data-end=\"2204\"><p data-start=\"2184\" data-end=\"2204\"><span style=\"color: #ffffff;\">Commercial contact<\/span><\/p><\/li><li data-start=\"2205\" data-end=\"2243\"><p data-start=\"2207\" data-end=\"2243\"><span style=\"color: #ffffff;\">Provision of the contracted service<\/span><\/p><\/li><li data-start=\"2244\" data-end=\"2282\"><p data-start=\"2246\" data-end=\"2282\"><span style=\"color: #ffffff;\">Implementation of automations<\/span><\/p><\/li><li data-start=\"2283\" data-end=\"2298\"><p data-start=\"2285\" data-end=\"2298\"><span style=\"color: #ffffff;\">Billing and payment processing<\/span><\/p><\/li><li data-start=\"2299\" data-end=\"2318\"><p data-start=\"2301\" data-end=\"2318\"><span style=\"color: #ffffff;\">Technical assistance and support<\/span><\/p><\/li><li data-start=\"2319\" data-end=\"2339\"><p data-start=\"2321\" data-end=\"2339\"><span style=\"color: #ffffff;\">Own marketing \/ Internal marketing<\/span><\/p><\/li><li data-start=\"2340\" data-end=\"2355\"><p data-start=\"2342\" data-end=\"2355\"><span style=\"color: #ffffff;\">Remarketing<\/span><\/p><\/li><li data-start=\"2356\" data-end=\"2380\"><p data-start=\"2358\" data-end=\"2380\"><span style=\"color: #ffffff;\">Statistical analysis<\/span><\/p><\/li><li data-start=\"2381\" data-end=\"2413\"><p data-start=\"2383\" data-end=\"2413\"><span style=\"color: #ffffff;\">Continuous improvement of the service<\/span><\/p><\/li><\/ul><hr data-start=\"2415\" data-end=\"2418\" \/><h2 style=\"text-align: center;\" data-start=\"2420\" data-end=\"2462\"><span style=\"color: #ffffff;\">4. INTERNATIONAL DATA TRANSFERS<\/span><\/h2><p style=\"text-align: left;\" data-start=\"2464\" data-end=\"2626\"><span style=\"color: #ffffff;\">The User acknowledges and agrees that their personal data may be transferred to and stored on servers located outside their country of residence, including the United States of America.<\/span><\/p><p style=\"text-align: left;\" data-start=\"2628\" data-end=\"2703\"><span style=\"color: #ffffff;\">VICS Solutions uses international technology providers such as:<\/span><\/p><ul style=\"text-align: left;\" data-start=\"2705\" data-end=\"2787\"><li data-start=\"2705\" data-end=\"2720\"><p data-start=\"2707\" data-end=\"2720\"><span style=\"color: #ffffff;\">GoHighLevel<\/span><\/p><\/li><li data-start=\"2721\" data-end=\"2731\"><p data-start=\"2723\" data-end=\"2731\"><span style=\"color: #ffffff;\">Stripe<\/span><\/p><\/li><li data-start=\"2732\" data-end=\"2740\"><p data-start=\"2734\" data-end=\"2740\"><span style=\"color: #ffffff;\">Meta<\/span><\/p><\/li><li data-start=\"2741\" data-end=\"2751\"><p data-start=\"2743\" data-end=\"2751\"><span style=\"color: #ffffff;\">Google<\/span><\/p><\/li><li data-start=\"2752\" data-end=\"2762\"><p data-start=\"2754\" data-end=\"2762\"><span style=\"color: #ffffff;\">Twilio<\/span><\/p><\/li><li data-start=\"2763\" data-end=\"2787\"><p data-start=\"2765\" data-end=\"2787\"><span style=\"color: #ffffff;\">Hosting services<\/span><\/p><\/li><\/ul><p style=\"text-align: left;\" data-start=\"2789\" data-end=\"2891\"><span style=\"color: #ffffff;\">These transfers are carried out solely for the purpose of properly providing the contracted service.<\/span><\/p><hr data-start=\"2893\" data-end=\"2896\" \/><h2 style=\"text-align: center;\" data-start=\"2898\" data-end=\"2947\"><span style=\"color: #ffffff;\">5. USE OF COOKIES AND TRACKING TECHNOLOGIES<\/span><\/h2><p style=\"text-align: left;\" data-start=\"2949\" data-end=\"2966\"><span style=\"color: #ffffff;\">The website uses:<\/span><\/p><ul style=\"text-align: left;\" data-start=\"2968\" data-end=\"3100\"><li data-start=\"2968\" data-end=\"2982\"><p data-start=\"2970\" data-end=\"2982\"><span style=\"color: #ffffff;\">Meta Pixel<\/span><\/p><\/li><li data-start=\"2983\" data-end=\"3003\"><p data-start=\"2985\" data-end=\"3003\"><span style=\"color: #ffffff;\">Google Analytics<\/span><\/p><\/li><li data-start=\"3004\" data-end=\"3026\"><p data-start=\"3006\" data-end=\"3026\"><span style=\"color: #ffffff;\">Google Tag Manager<\/span><\/p><\/li><li data-start=\"3027\" data-end=\"3053\"><p data-start=\"3029\" data-end=\"3053\"><span style=\"color: #ffffff;\">Remarketing cookies<\/span><\/p><\/li><li data-start=\"3054\" data-end=\"3100\"><p data-start=\"3056\" data-end=\"3100\"><span style=\"color: #ffffff;\">Behavior analytics tools<\/span><\/p><\/li><\/ul><p style=\"text-align: left;\" data-start=\"3102\" data-end=\"3203\"><span style=\"color: #ffffff;\">These technologies allow the analysis of website traffic, the optimization of marketing campaigns, and the improvement of the user experience.<\/span><\/p><p style=\"text-align: left;\" data-start=\"3205\" data-end=\"3324\"><span style=\"color: #ffffff;\">The user can configure their browser to reject cookies, although this may affect the functionality of the website.<\/span><\/p><hr data-start=\"3326\" data-end=\"3329\" \/><h2 style=\"text-align: center;\" data-start=\"3331\" data-end=\"3362\"><span style=\"color: #ffffff;\">6. DATA RETENTION<\/span><\/h2><p style=\"text-align: left;\" data-start=\"3364\" data-end=\"3403\"><span style=\"color: #ffffff;\">Personal data will be retained:<\/span><\/p><ul style=\"text-align: left;\" data-start=\"3405\" data-end=\"3599\"><li data-start=\"3405\" data-end=\"3456\"><p data-start=\"3407\" data-end=\"3456\"><span style=\"color: #ffffff;\">For the duration of the contractual relationship.<\/span><\/p><\/li><li data-start=\"3457\" data-end=\"3530\"><p data-start=\"3459\" data-end=\"3530\"><span style=\"color: #ffffff;\">For the periods required by applicable fiscal and commercial regulations.<\/span><\/p><\/li><li data-start=\"3531\" data-end=\"3599\"><p data-start=\"3533\" data-end=\"3599\"><span style=\"color: #ffffff;\">Until the data subject requests its deletion, where applicable.<\/span><\/p><\/li><\/ul><hr data-start=\"3601\" data-end=\"3604\" \/><h2 style=\"text-align: center;\" data-start=\"3606\" data-end=\"3645\"><span style=\"color: #ffffff;\">7. DATA SUBJECT RIGHTS<\/span><\/h2><p style=\"text-align: left;\" data-start=\"3647\" data-end=\"3696\"><span style=\"color: #ffffff;\">The data subject may exercise the following rights:<\/span><\/p><ul style=\"text-align: left;\" data-start=\"3698\" data-end=\"3772\"><li data-start=\"3698\" data-end=\"3708\"><p data-start=\"3700\" data-end=\"3708\"><span style=\"color: #ffffff;\">Access<\/span><\/p><\/li><li data-start=\"3709\" data-end=\"3726\"><p data-start=\"3711\" data-end=\"3726\"><span style=\"color: #ffffff;\">Rectification<\/span><\/p><\/li><li data-start=\"3727\" data-end=\"3740\"><p data-start=\"3729\" data-end=\"3740\"><span style=\"color: #ffffff;\">Erasure<\/span><\/p><\/li><li data-start=\"3741\" data-end=\"3754\"><p data-start=\"3743\" data-end=\"3754\"><span style=\"color: #ffffff;\">Objection<\/span><\/p><\/li><li data-start=\"3755\" data-end=\"3772\"><p data-start=\"3757\" data-end=\"3772\"><span style=\"color: #ffffff;\">Update<\/span><\/p><\/li><\/ul><p style=\"text-align: left;\" data-start=\"3774\" data-end=\"3872\"><span style=\"color: #ffffff;\">The request must be submitted through the official channel, which will be duly communicated by VICS Solutions.<\/span><\/p><hr data-start=\"3874\" data-end=\"3877\" \/><h2 style=\"text-align: center;\" data-start=\"3879\" data-end=\"3912\"><span style=\"color: #ffffff;\">8. INFORMATION SECURITY<\/span><\/h2><p style=\"text-align: left;\" data-start=\"3914\" data-end=\"4073\"><span style=\"color: #ffffff;\">VICS Solutions implements reasonable technical and organizational measures to protect personal data against unauthorized access, alteration, or destruction.<\/span><\/p><p style=\"text-align: left;\" data-start=\"4075\" data-end=\"4216\"><span style=\"color: #ffffff;\">However, no system is completely secure, and therefore total security against external events or cyberattacks cannot be guaranteed.<\/span><\/p><hr data-start=\"4218\" data-end=\"4221\" \/><h2 style=\"text-align: center;\" data-start=\"4223\" data-end=\"4268\"><span style=\"color: #ffffff;\">9. RESPONSIBILITY FOR THIRD-PARTY DATA<\/span><\/h2><p style=\"text-align: left;\" data-start=\"4270\" data-end=\"4409\"><span style=\"color: #ffffff;\">In the event that the client uploads their own databases to platforms managed by VICS Solutions, they declare under their own responsibility:<\/span><\/p><ul style=\"text-align: left;\" data-start=\"4411\" data-end=\"4503\"><li data-start=\"4411\" data-end=\"4464\"><p data-start=\"4413\" data-end=\"4464\"><span style=\"color: #ffffff;\">That they have obtained valid consent from the data subjects.<\/span><\/p><\/li><li data-start=\"4465\" data-end=\"4503\"><p data-start=\"4467\" data-end=\"4503\"><span style=\"color: #ffffff;\">That it complies with applicable law.<\/span><\/p><\/li><\/ul><p style=\"text-align: left;\" data-start=\"4505\" data-end=\"4608\"><span style=\"color: #ffffff;\">VICS Solutions shall not be held liable for the misuse of databases provided by the client.<\/span><\/p><hr data-start=\"4610\" data-end=\"4613\" \/><h2 style=\"text-align: center;\" data-start=\"4615\" data-end=\"4651\"><span style=\"color: #ffffff;\">10. LIMITATION OF LIABILITY<\/span><\/h2><p style=\"text-align: left;\" data-start=\"4653\" data-end=\"4692\"><span style=\"color: #ffffff;\">VICS Solutions shall not be liable for:<\/span><\/p><ul style=\"text-align: left;\" data-start=\"4694\" data-end=\"4882\"><li data-start=\"4694\" data-end=\"4725\"><p data-start=\"4696\" data-end=\"4725\"><span style=\"color: #ffffff;\">Technical failures of third parties<\/span><\/p><\/li><li data-start=\"4726\" data-end=\"4777\"><p data-start=\"4728\" data-end=\"4777\"><span style=\"color: #ffffff;\">Service interruptions due to external causes<\/span><\/p><\/li><li data-start=\"4778\" data-end=\"4831\"><p data-start=\"4780\" data-end=\"4831\"><span style=\"color: #ffffff;\">Data loss resulting from external platforms<\/span><\/p><\/li><li data-start=\"4832\" data-end=\"4882\"><p data-start=\"4834\" data-end=\"4882\"><span style=\"color: #ffffff;\">Misuse of the system by the client<\/span><\/p><\/li><\/ul><hr data-start=\"4884\" data-end=\"4887\" \/><h2 style=\"text-align: center;\" data-start=\"4889\" data-end=\"4910\"><span style=\"color: #ffffff;\">11. CHANGES<\/span><\/h2><p style=\"text-align: left;\" data-start=\"4912\" data-end=\"5086\"><span style=\"color: #ffffff;\">VICS Solutions may modify this Privacy Policy whenever it deems necessary. Such modifications will take effect upon their publication on the website.<\/span><\/p><hr data-start=\"5088\" data-end=\"5091\" \/><h2 style=\"text-align: center;\" data-start=\"5093\" data-end=\"5113\"><span style=\"color: #ffffff;\">12. APPLICABLE LAW<\/span><\/h2><p style=\"text-align: left;\" data-start=\"5115\" data-end=\"5184\"><span style=\"color: #ffffff;\">This Policy is governed by the laws of the Argentine Republic.<\/span><\/p><p style=\"text-align: left;\" data-start=\"5186\" data-end=\"5302\"><span style=\"color: #ffffff;\">Any dispute shall be submitted to the ordinary courts with jurisdiction in the city of C\u00f3rdoba, Argentina.<\/span><\/p>\t\t\t\t\t\t\t\t<\/div>\n\t\t\t\t\t<\/div>\n\t\t\t\t<\/div>\n\t\t\t\t<\/div>","protected":false},"excerpt":{"rendered":"<p>Pol\u00edticas de privacidad 1. RESPONSABLE DEL TRATAMIENTO VICS Solutions LLC, sociedad de responsabilidad limitada organizada bajo las leyes de los Estados Unidos de Am\u00e9rica (en proceso de constituci\u00f3n al momento de publicaci\u00f3n), es responsable del tratamiento de datos personales conforme a la Ley 25.326 de la Rep\u00fablica Argentina y normativa internacional aplicable. En adelante, \u201cVICS [&hellip;]<\/p>\n","protected":false},"author":1,"featured_media":0,"parent":0,"menu_order":0,"comment_status":"closed","ping_status":"closed","template":"elementor_canvas","meta":{"footnotes":""},"class_list":["post-2037","page","type-page","status-publish","hentry"],"_hostinger_reach_plugin_has_subscription_block":false,"_hostinger_reach_plugin_is_elementor":false,"_links":{"self":[{"href":"https:\/\/vicsolutions.us\/en\/wp-json\/wp\/v2\/pages\/2037","targetHints":{"allow":["GET"]}}],"collection":[{"href":"https:\/\/vicsolutions.us\/en\/wp-json\/wp\/v2\/pages"}],"about":[{"href":"https:\/\/vicsolutions.us\/en\/wp-json\/wp\/v2\/types\/page"}],"author":[{"embeddable":true,"href":"https:\/\/vicsolutions.us\/en\/wp-json\/wp\/v2\/users\/1"}],"replies":[{"embeddable":true,"href":"https:\/\/vicsolutions.us\/en\/wp-json\/wp\/v2\/comments?post=2037"}],"version-history":[{"count":4,"href":"https:\/\/vicsolutions.us\/en\/wp-json\/wp\/v2\/pages\/2037\/revisions"}],"predecessor-version":[{"id":2041,"href":"https:\/\/vicsolutions.us\/en\/wp-json\/wp\/v2\/pages\/2037\/revisions\/2041"}],"wp:attachment":[{"href":"https:\/\/vicsolutions.us\/en\/wp-json\/wp\/v2\/media?parent=2037"}],"curies":[{"name":"wp","href":"https:\/\/api.w.org\/{rel}","templated":true}]}}